{"id":1156,"date":"2018-03-07T17:45:13","date_gmt":"2018-03-07T17:45:13","guid":{"rendered":"http:\/\/www.gotra-logistika.com\/kontakt\/"},"modified":"2018-03-07T18:17:48","modified_gmt":"2018-03-07T18:17:48","slug":"kontakt","status":"publish","type":"page","link":"https:\/\/www.gotra-logistika.com\/en\/kontakt\/","title":{"rendered":"Contact"},"content":{"rendered":"<p>[et_pb_section bb_built=&#8221;1&#8243; _builder_version=&#8221;3.0.105&#8243; background_color=&#8221;#4a4a4a&#8221; background_blend=&#8221;soft-light&#8221; next_background_color=&#8221;#ffffff&#8221; custom_margin=&#8221;0px||0px|&#8221; custom_padding=&#8221;0px||0px|&#8221;][et_pb_row _builder_version=&#8221;3.0.105&#8243; custom_margin=&#8221;0px||0px|&#8221; custom_padding=&#8221;0px||0px|&#8221;][\/et_pb_row][\/et_pb_section][et_pb_section bb_built=&#8221;1&#8243; fullwidth=&#8221;off&#8221; specialty=&#8221;off&#8221; prev_background_color=&#8221;#4a4a4a&#8221;][et_pb_row][et_pb_column type=&#8221;1_5&#8243;][et_pb_text _builder_version=&#8221;3.0.105&#8243; background_layout=&#8221;light&#8221;]<\/p>\n<h4><strong>Reception<\/strong><\/h4>\n<p><strong>Biserka Musta\u010d<\/strong><br \/>\nbiserka@gotra-logistika.com<br \/>\n+385 49 354 754[\/et_pb_text][\/et_pb_column][et_pb_column type=&#8221;1_5&#8243;][et_pb_text _builder_version=&#8221;3.0.105&#8243; background_layout=&#8221;light&#8221;]<\/p>\n<h4><strong>Service<\/strong><\/h4>\n<p><strong>Dalibor Majeri\u0107<\/strong><br \/>\nservis@gotra-logistika.com<br \/>\n+385 49 354 767<br \/>\n+385 91 3009 390[\/et_pb_text][\/et_pb_column][et_pb_column type=&#8221;1_5&#8243;][et_pb_text _builder_version=&#8221;3.0.105&#8243; background_layout=&#8221;light&#8221;]<\/p>\n<h4><strong>Sales<\/strong><\/h4>\n<p><strong>Luka Ga\u0161parevi\u0107<\/strong><br \/>\nluka@gotra-logistika.com<br \/>\n+385 49 354 773<br \/>\n+385 91 3009 394[\/et_pb_text][\/et_pb_column][et_pb_column type=&#8221;1_5&#8243;][et_pb_text _builder_version=&#8221;3.0.105&#8243; background_layout=&#8221;light&#8221;]<\/p>\n<h4><strong>IT<\/strong><\/h4>\n<p><strong>Davor \u0160piljak<\/strong><br \/>\ndavor@gotra-logistika.com<br \/>\n+385 49 354 753<br \/>\n+385 91 3009 385[\/et_pb_text][\/et_pb_column][et_pb_column type=&#8221;1_5&#8243;][et_pb_text _builder_version=&#8221;3.0.105&#8243; background_layout=&#8221;light&#8221;]<\/p>\n<h4><strong>Chief Executive Officer<\/strong><\/h4>\n<p><strong>Gordan Javori\u0107<\/strong><br \/>\ngordan@gotra-logistika.com<br \/>\n+385 49 354 777<br \/>\n+385 91 3409 005[\/et_pb_text][\/et_pb_column][\/et_pb_row][et_pb_row _builder_version=&#8221;3.0.105&#8243; custom_padding=&#8221;||0px|&#8221;][et_pb_column type=&#8221;4_4&#8243;][et_pb_text _builder_version=&#8221;3.0.105&#8243; background_layout=&#8221;light&#8221; custom_padding=&#8221;0px||0px|&#8221;]<\/p>\n<h4><strong>Accounting and Finance<\/strong><\/h4>\n<p>&nbsp;[\/et_pb_text][\/et_pb_column][\/et_pb_row][et_pb_row _builder_version=&#8221;3.0.105&#8243;][et_pb_column type=&#8221;1_5&#8243;][et_pb_text _builder_version=&#8221;3.0.105&#8243; background_layout=&#8221;light&#8221;]<strong>Trajanka Javori\u0107<\/strong><br \/>\ntrajanka@gotra-logistika.com<br \/>\n+385 49 354 790<br \/>\n+385 91 3409 001[\/et_pb_text][\/et_pb_column][et_pb_column type=&#8221;1_5&#8243;][et_pb_text _builder_version=&#8221;3.0.105&#8243; background_layout=&#8221;light&#8221;]<strong>Mihaela Bele<\/strong><br \/>\nmihaela@gotra-logistika.com<br \/>\n+385 49 354 780[\/et_pb_text][\/et_pb_column][et_pb_column type=&#8221;1_5&#8243;][et_pb_text _builder_version=&#8221;3.0.105&#8243; background_layout=&#8221;light&#8221;]<strong>Boris Cesarec<\/strong><br \/>\nboris@gotra-logistika.com<br \/>\n+385 49 354 781<br \/>\n+385 91 3409 023[\/et_pb_text][\/et_pb_column][et_pb_column type=&#8221;1_5&#8243;][et_pb_text _builder_version=&#8221;3.0.105&#8243; background_layout=&#8221;light&#8221;]<strong>Marina Kova\u010di\u0107ek<\/strong><br \/>\nmarina@gotra-logistika.com<br \/>\n+385 49 354 782[\/et_pb_text][\/et_pb_column][et_pb_column type=&#8221;1_5&#8243;][et_pb_text _builder_version=&#8221;3.0.105&#8243; background_layout=&#8221;light&#8221;]<strong>\u0160trefanija Ve\u0161ligaj<\/strong><br \/>\nstefica@gotra-logistika.com<br \/>\n+385 49 354 785[\/et_pb_text][\/et_pb_column][\/et_pb_row][et_pb_row][et_pb_column type=&#8221;1_5&#8243;][et_pb_text _builder_version=&#8221;3.0.105&#8243; background_layout=&#8221;light&#8221; custom_margin=&#8221;20px|||&#8221;]<strong>Ana-Mari Vdovi\u0107<\/strong><br \/>\nracunovodstvo@gotra-logistika.com<br \/>\n+385 49 354 786[\/et_pb_text][\/et_pb_column][et_pb_column type=&#8221;1_5&#8243;][et_pb_text _builder_version=&#8221;3.0.105&#8243; background_layout=&#8221;light&#8221; custom_margin=&#8221;20px|||&#8221;]<strong>Romana \u0160o\u0161tar<\/strong><br \/>\nromana@gotra-logistika.com<br \/>\n+385 49 354 787[\/et_pb_text][\/et_pb_column][et_pb_column type=&#8221;1_5&#8243;][et_pb_text _builder_version=&#8221;3.0.105&#8243; background_layout=&#8221;light&#8221; custom_margin=&#8221;20px|||&#8221;]<strong>An\u0111ela Sinkovi\u0107<\/strong><br \/>\nandela@gotra-logistika.com<br \/>\n+385 49 354 788[\/et_pb_text][\/et_pb_column][et_pb_column type=&#8221;1_5&#8243;][\/et_pb_column][et_pb_column type=&#8221;1_5&#8243;][\/et_pb_column][\/et_pb_row][et_pb_row _builder_version=&#8221;3.0.105&#8243; custom_padding=&#8221;0px||0px|&#8221;][et_pb_column type=&#8221;4_4&#8243;][et_pb_text _builder_version=&#8221;3.0.105&#8243; background_layout=&#8221;light&#8221; custom_padding=&#8221;||0px|&#8221;]<\/p>\n<h4><strong>Organization of cargo transport<\/strong><\/h4>\n<p>&nbsp;[\/et_pb_text][\/et_pb_column][\/et_pb_row][et_pb_row _builder_version=&#8221;3.0.105&#8243;][et_pb_column type=&#8221;1_5&#8243;][et_pb_text _builder_version=&#8221;3.0.105&#8243; background_layout=&#8221;light&#8221;]<strong>Dubravko Musta\u010d<\/strong><br \/>\ndubravko@gotra-logistika.com<br \/>\n+385 49 354 750<br \/>\n+385 91 3409 002[\/et_pb_text][\/et_pb_column][et_pb_column type=&#8221;1_5&#8243;][et_pb_text _builder_version=&#8221;3.0.105&#8243; background_layout=&#8221;light&#8221;]<strong>Aleksandar Virgej<\/strong><br \/>\ndispo@gotra-logistika.com<br \/>\n+385 49 354 751<br \/>\n+385 91 3009 700[\/et_pb_text][\/et_pb_column][et_pb_column type=&#8221;1_5&#8243;][et_pb_text _builder_version=&#8221;3.0.105&#8243; background_layout=&#8221;light&#8221;]<strong>Ana \u0160tingl<\/strong><br \/>\ndispo1@gotra-logistika.com<br \/>\n+385 49 354 752<br \/>\n+385 91 3009 600[\/et_pb_text][\/et_pb_column][et_pb_column type=&#8221;1_5&#8243;][\/et_pb_column][et_pb_column type=&#8221;1_5&#8243;][\/et_pb_column][\/et_pb_row][et_pb_row _builder_version=&#8221;3.0.105&#8243; custom_padding=&#8221;0px||0px|&#8221;][et_pb_column type=&#8221;4_4&#8243;][et_pb_text _builder_version=&#8221;3.0.105&#8243; background_layout=&#8221;light&#8221; custom_padding=&#8221;||0px|&#8221;]<\/p>\n<h4><strong>Organization of vehicle transport<\/strong><\/h4>\n<p>&nbsp;[\/et_pb_text][\/et_pb_column][\/et_pb_row][et_pb_row _builder_version=&#8221;3.0.105&#8243;][et_pb_column type=&#8221;1_5&#8243;][et_pb_text _builder_version=&#8221;3.0.105&#8243; background_layout=&#8221;light&#8221;]<strong>Ivan Postonjski<\/strong><br \/>\nivan@gotra-logistika.com<br \/>\n+385 49 354 770<br \/>\n+385 91 3409 007[\/et_pb_text][\/et_pb_column][et_pb_column type=&#8221;1_5&#8243;][et_pb_text _builder_version=&#8221;3.0.105&#8243; background_layout=&#8221;light&#8221;]<strong>Sanja Fir\u0161t<\/strong><br \/>\nsanja@gotra-logistika.com<br \/>\n+385 49 354 775<br \/>\n+385 91 3009 391[\/et_pb_text][\/et_pb_column][et_pb_column type=&#8221;1_5&#8243;][et_pb_text _builder_version=&#8221;3.0.105&#8243; background_layout=&#8221;light&#8221;]<strong>Tihana \u0160urbek<\/strong><br \/>\ntihana@gotra-logistika.com<br \/>\n+385 49 354 771[\/et_pb_text][\/et_pb_column][et_pb_column type=&#8221;1_5&#8243;][\/et_pb_column][et_pb_column type=&#8221;1_5&#8243;][\/et_pb_column][\/et_pb_row][\/et_pb_section]<\/p>\n","protected":false},"excerpt":{"rendered":"<p><div class=\"et_pb_row et_pb_row_0 et_pb_row_empty\">\n\t\t\t\t\n\t\t\t\t\n\t\t\t\t\n\t\t\t\t\n\t\t\t\t\n\t\t\t<\/div>Reception Biserka Musta\u010d biserka@gotra-logistika.com +385 49 354 754Service Dalibor Majeri\u0107 servis@gotra-logistika.com +385 49 354 767 +385 91 3009 390Sales Luka Ga\u0161parevi\u0107 luka@gotra-logistika.com +385 49 354 773 +385 91 3009 394IT Davor \u0160piljak davor@gotra-logistika.com +385 49 354 753 +385 91 3009 385Chief Executive Officer Gordan Javori\u0107 gordan@gotra-logistika.com +385 49 354 777 +385 91 3409 005Accounting and [&hellip;]<\/p>\n","protected":false},"author":1,"featured_media":0,"parent":0,"menu_order":0,"comment_status":"closed","ping_status":"closed","template":"","meta":{"_et_pb_use_builder":"on","_et_pb_old_content":"","_et_gb_content_width":"","footnotes":""},"class_list":["post-1156","page","type-page","status-publish","hentry"],"_links":{"self":[{"href":"https:\/\/www.gotra-logistika.com\/en\/wp-json\/wp\/v2\/pages\/1156","targetHints":{"allow":["GET"]}}],"collection":[{"href":"https:\/\/www.gotra-logistika.com\/en\/wp-json\/wp\/v2\/pages"}],"about":[{"href":"https:\/\/www.gotra-logistika.com\/en\/wp-json\/wp\/v2\/types\/page"}],"author":[{"embeddable":true,"href":"https:\/\/www.gotra-logistika.com\/en\/wp-json\/wp\/v2\/users\/1"}],"replies":[{"embeddable":true,"href":"https:\/\/www.gotra-logistika.com\/en\/wp-json\/wp\/v2\/comments?post=1156"}],"version-history":[{"count":37,"href":"https:\/\/www.gotra-logistika.com\/en\/wp-json\/wp\/v2\/pages\/1156\/revisions"}],"predecessor-version":[{"id":1257,"href":"https:\/\/www.gotra-logistika.com\/en\/wp-json\/wp\/v2\/pages\/1156\/revisions\/1257"}],"wp:attachment":[{"href":"https:\/\/www.gotra-logistika.com\/en\/wp-json\/wp\/v2\/media?parent=1156"}],"curies":[{"name":"wp","href":"https:\/\/api.w.org\/{rel}","templated":true}]}}